{"id":6479,"date":"2023-01-12T18:31:24","date_gmt":"2023-01-12T18:31:24","guid":{"rendered":"https:\/\/foreverdistllc.com\/index.php\/product\/gna-tukol-4oz-honey-children\/"},"modified":"2023-02-10T17:10:12","modified_gmt":"2023-02-10T17:10:12","slug":"gna-tukol-4oz-honey-children","status":"publish","type":"product","link":"https:\/\/foreverdistllc.com\/index.php\/product\/gna-tukol-4oz-honey-children\/","title":{"rendered":"GNA Tukol 4oz Honey Children"},"content":{"rendered":"<p>\u2022 Jarabe para la tos y el resfriado para ni\u00f1os: este medicamento no somnolente proporciona un potente alivio de los s\u00edntomas del resfriado, trabajando como un expectorante y descongestionante para aliviar la congesti\u00f3n nasal y del pecho mientras suprime la tos con miel natural<br \/>\n\u2022 F\u00f3rmula infantil: especialmente formulado para ni\u00f1os de 4 a\u00f1os en adelante, este jarabe sin somnolencia comienza a trabajar r\u00e1pidamente para traer alivio a tu hijo, con un agradable sabor a miel que los ni\u00f1os aman<br \/>\n\u2022 El poder natural de la miel: conocido durante siglos por sus propiedades curativas naturales, nuestros productos cuentan con miel como un remedio eficaz para una variedad de s\u00edntomas asociados con la tos, el resfriado y la gripe<br \/>\n\u2022 Tratamiento multis\u00edntoma: ya sea que est\u00e9s lidiando con congesti\u00f3n, resfriado, gripe, dolor de garganta o tos persistente, tenemos el remedio para ti, disponible en f\u00f3rmulas diurnas o nocturnas para ni\u00f1os o adultos<br \/>\n\u2022 Tukol Alivio: hacemos una variedad de productos para el alivio de la tos, el resfriado, el dolor de garganta, la fiebre y la gripe, para ni\u00f1os y adultos; prueba nuestros supresores l\u00edquidos de tos, descongestionantes y jarabes de garganta doloridos<\/p>\n","protected":false},"excerpt":{"rendered":"<p>Salud, Jarabe, Tos y Resfriado, Ni\u00f1o<\/p>\n","protected":false},"featured_media":6400,"comment_status":"open","ping_status":"closed","template":"","meta":{"_eb_attr":"","site-sidebar-layout":"default","site-content-layout":"default","ast-global-header-display":"","ast-main-header-display":"","ast-hfb-above-header-display":"","ast-hfb-below-header-display":"","ast-hfb-mobile-header-display":"","site-post-title":"","ast-breadcrumbs-content":"","ast-featured-img":"","footer-sml-layout":"","theme-transparent-header-meta":"","adv-header-id-meta":"","stick-header-meta":"","header-above-stick-meta":"","header-main-stick-meta":"","header-below-stick-meta":""},"product_cat":[95,157,65,97],"product_tag":[94],"_links":{"self":[{"href":"https:\/\/foreverdistllc.com\/index.php\/wp-json\/wp\/v2\/product\/6479"}],"collection":[{"href":"https:\/\/foreverdistllc.com\/index.php\/wp-json\/wp\/v2\/product"}],"about":[{"href":"https:\/\/foreverdistllc.com\/index.php\/wp-json\/wp\/v2\/types\/product"}],"replies":[{"embeddable":true,"href":"https:\/\/foreverdistllc.com\/index.php\/wp-json\/wp\/v2\/comments?post=6479"}],"version-history":[{"count":0,"href":"https:\/\/foreverdistllc.com\/index.php\/wp-json\/wp\/v2\/product\/6479\/revisions"}],"wp:featuredmedia":[{"embeddable":true,"href":"https:\/\/foreverdistllc.com\/index.php\/wp-json\/wp\/v2\/media\/6400"}],"wp:attachment":[{"href":"https:\/\/foreverdistllc.com\/index.php\/wp-json\/wp\/v2\/media?parent=6479"}],"wp:term":[{"taxonomy":"product_cat","embeddable":true,"href":"https:\/\/foreverdistllc.com\/index.php\/wp-json\/wp\/v2\/product_cat?post=6479"},{"taxonomy":"product_tag","embeddable":true,"href":"https:\/\/foreverdistllc.com\/index.php\/wp-json\/wp\/v2\/product_tag?post=6479"}],"curies":[{"name":"wp","href":"https:\/\/api.w.org\/{rel}","templated":true}]}}