{"id":7316,"date":"2023-01-14T20:52:04","date_gmt":"2023-01-14T20:52:04","guid":{"rendered":"https:\/\/foreverdistllc.com\/index.php\/product\/zzzquil-6oz-warming-berry\/"},"modified":"2025-09-05T15:30:35","modified_gmt":"2025-09-05T15:30:35","slug":"zzzquil-6oz-warming-berry","status":"publish","type":"product","link":"https:\/\/foreverdistllc.com\/index.php\/product\/zzzquil-6oz-warming-berry\/","title":{"rendered":"ZzzQuil 6oz Warming Berry"},"content":{"rendered":"<p>Zzzquil Liquid Sleep Aid en Warming Berry Flavor lo ayuda a conciliar el sue\u00f1o en tan solo 20 minutos. Duerme profundamente para que puedas afrontar tu pr\u00f3ximo d\u00eda y terminarlo. Despierta renovado. Tambi\u00e9n reduce la cantidad de tiempo que se tarda en conciliar el sue\u00f1o, si tiene dificultades para conciliar el sue\u00f1o. Aseg\u00farese de 7-8 horas de tiempo para dormir lo suficiente. \u00a1Consigue los Zzz que te mereces! \u00a1Mejor sue\u00f1o para todos! Cuando tenga problemas para obtener el sue\u00f1o profundo que su reloj interno anhela, agregue un poco de Zzz a su noche con Zzzquil. Esta ayuda para dormir que no crea h\u00e1bito lo ayuda a dormir un poco, para que pueda despertarse sinti\u00e9ndose renovado. De los confiables expertos en sue\u00f1o de Vicks y la marca de ayuda para dormir n\u00famero 1 en ventas en el mundo. <\/p>\n<p>Duerma bien esta noche y haga su pedido en l\u00ednea hoy o encu\u00e9ntrelo en la secci\u00f3n de ayuda para dormir de su tienda local. De los confiables expertos en sue\u00f1o de Vicks, es Non-Habit Forming. Zzzquil Liquid contiene un ingrediente que no crea h\u00e1bito, difenhidramina HCI, que lo ayuda a dormir lo que necesita. Cada dosis (un vaso dosificador de 30 ml) contiene 50 mg.  Lea cada etiqueta.<\/p>\n","protected":false},"excerpt":{"rendered":"<p>\u2022 ZzzQuil te ayuda a conciliar el sue\u00f1o en tan solo 20 minutos<br \/>\n\u2022 Marca n.\u00ba 1 de ayuda para dormir<br \/>\n\u2022 No formador de h\u00e1bitos<br \/>\n\u2022 Duerme profundamente. Despertar renovado<br \/>\n\u2022 Difenhidramina HCI 50 mg (en cada 30 ml)<br \/>\n\u2022 Aseg\u00farese de tener tiempo para dormir lo suficiente (7-8 horas)<br \/>\n\u2022 \u00daselo seg\u00fan las indicaciones para el insomnio ocasional.<br \/>\n\u2022 Mantener fuera del alcance de los ni\u00f1os.<\/p>\n","protected":false},"featured_media":6398,"comment_status":"open","ping_status":"closed","template":"","meta":{"_eb_attr":"","site-sidebar-layout":"default","site-content-layout":"default","ast-global-header-display":"","ast-main-header-display":"","ast-hfb-above-header-display":"","ast-hfb-below-header-display":"","ast-hfb-mobile-header-display":"","site-post-title":"","ast-breadcrumbs-content":"","ast-featured-img":"","footer-sml-layout":"","theme-transparent-header-meta":"","adv-header-id-meta":"","stick-header-meta":"","header-above-stick-meta":"","header-main-stick-meta":"","header-below-stick-meta":""},"product_cat":[69,157,65],"product_tag":[94],"_links":{"self":[{"href":"https:\/\/foreverdistllc.com\/index.php\/wp-json\/wp\/v2\/product\/7316"}],"collection":[{"href":"https:\/\/foreverdistllc.com\/index.php\/wp-json\/wp\/v2\/product"}],"about":[{"href":"https:\/\/foreverdistllc.com\/index.php\/wp-json\/wp\/v2\/types\/product"}],"replies":[{"embeddable":true,"href":"https:\/\/foreverdistllc.com\/index.php\/wp-json\/wp\/v2\/comments?post=7316"}],"version-history":[{"count":0,"href":"https:\/\/foreverdistllc.com\/index.php\/wp-json\/wp\/v2\/product\/7316\/revisions"}],"wp:featuredmedia":[{"embeddable":true,"href":"https:\/\/foreverdistllc.com\/index.php\/wp-json\/wp\/v2\/media\/6398"}],"wp:attachment":[{"href":"https:\/\/foreverdistllc.com\/index.php\/wp-json\/wp\/v2\/media?parent=7316"}],"wp:term":[{"taxonomy":"product_cat","embeddable":true,"href":"https:\/\/foreverdistllc.com\/index.php\/wp-json\/wp\/v2\/product_cat?post=7316"},{"taxonomy":"product_tag","embeddable":true,"href":"https:\/\/foreverdistllc.com\/index.php\/wp-json\/wp\/v2\/product_tag?post=7316"}],"curies":[{"name":"wp","href":"https:\/\/api.w.org\/{rel}","templated":true}]}}